{"id":37351,"date":"2025-11-26T09:37:24","date_gmt":"2025-11-26T09:37:24","guid":{"rendered":"https:\/\/sandbox.gastrosof.ch\/?page_id=37351"},"modified":"2026-01-21T14:27:45","modified_gmt":"2026-01-21T14:27:45","slug":"impressum","status":"publish","type":"page","link":"https:\/\/sandbox.gastrosof.ch\/de\/impressum\/","title":{"rendered":"Impressum"},"content":{"rendered":"\t\t<div data-elementor-type=\"wp-page\" data-elementor-id=\"37351\" class=\"elementor elementor-37351\">\n\t\t\t\t\t\t<section class=\"elementor-section elementor-top-section elementor-element elementor-element-6371bf5 elementor-section-boxed elementor-section-height-default elementor-section-height-default sc_fly_static\" data-id=\"6371bf5\" data-element_type=\"section\">\n\t\t\t\t\t\t<div class=\"elementor-container elementor-column-gap-extended\">\n\t\t\t\t\t<div class=\"elementor-column elementor-col-100 elementor-top-column elementor-element elementor-element-bcb0e63 sc_content_align_inherit sc_layouts_column_icons_position_left sc_fly_static\" data-id=\"bcb0e63\" data-element_type=\"column\">\n\t\t\t<div class=\"elementor-widget-wrap elementor-element-populated\">\n\t\t\t\t\t\t<div class=\"elementor-element elementor-element-b31cc9d sc_fly_static elementor-widget elementor-widget-spacer\" data-id=\"b31cc9d\" data-element_type=\"widget\" data-widget_type=\"spacer.default\">\n\t\t\t\t<div class=\"elementor-widget-container\">\n\t\t\t\t\t\t\t<div class=\"elementor-spacer\">\n\t\t\t<div class=\"elementor-spacer-inner\"><\/div>\n\t\t<\/div>\n\t\t\t\t\t\t<\/div>\n\t\t\t\t<\/div>\n\t\t\t\t<div class=\"elementor-element elementor-element-2b650e5 sc_fly_static elementor-widget elementor-widget-trx_sc_title\" data-id=\"2b650e5\" data-element_type=\"widget\" data-widget_type=\"trx_sc_title.default\">\n\t\t\t\t<div class=\"elementor-widget-container\">\n\t\t\t\t\t<div\t\tclass=\"sc_title sc_title_default\" ><h1 class=\"sc_item_title sc_title_title sc_align_left sc_item_title_style_default sc_item_title_tag trx_addons_inline_1748296634 sc_typed\"\n\t\t\t><span class=\"sc_item_title_text\">Impressum<\/span><\/h1><\/div>\t\t\t\t<\/div>\n\t\t\t\t<\/div>\n\t\t\t\t<div class=\"elementor-element elementor-element-6f15a85 sc_fly_static elementor-widget elementor-widget-spacer\" data-id=\"6f15a85\" data-element_type=\"widget\" data-widget_type=\"spacer.default\">\n\t\t\t\t<div class=\"elementor-widget-container\">\n\t\t\t\t\t\t\t<div class=\"elementor-spacer\">\n\t\t\t<div class=\"elementor-spacer-inner\"><\/div>\n\t\t<\/div>\n\t\t\t\t\t\t<\/div>\n\t\t\t\t<\/div>\n\t\t\t\t<div class=\"elementor-element elementor-element-6a27320 sc_fly_static elementor-widget elementor-widget-trx_sc_title\" data-id=\"6a27320\" data-element_type=\"widget\" data-widget_type=\"trx_sc_title.default\">\n\t\t\t\t<div class=\"elementor-widget-container\">\n\t\t\t\t\t<div\t\tclass=\"sc_title sc_title_default\" ><h1 class=\"sc_item_title sc_title_title sc_align_left sc_item_title_style_default sc_item_title_tag trx_addons_inline_1022520289 sc_typed\"\n\t\t\t><span class=\"sc_item_title_text\">Verantwortliche Instanz:<\/span><\/h1><div class=\"sc_item_descr sc_title_descr sc_align_left sc_item_descr_with_custom_color trx_addons_inline_7819255\"><p>Gastrosof GmbH<br \/>\nM\u00e4derenweg 15<br \/>\nOberglatt 8154<br \/>\nSchweiz<br \/>\n<span style=\"color: #ff491a\">E-Mail:<\/span> &#x63;&#x6f;&#x6e;&#x74;&#x61;&#x63;&#x74;&#x40;&#x67;&#x61;&#x73;&#116;&#114;&#111;&#115;&#111;&#102;&#46;ch<\/p>\n<\/div><\/div>\t\t\t\t<\/div>\n\t\t\t\t<\/div>\n\t\t\t\t<div class=\"elementor-element elementor-element-0a052ed sc_fly_static elementor-widget elementor-widget-spacer\" data-id=\"0a052ed\" data-element_type=\"widget\" data-widget_type=\"spacer.default\">\n\t\t\t\t<div class=\"elementor-widget-container\">\n\t\t\t\t\t\t\t<div class=\"elementor-spacer\">\n\t\t\t<div class=\"elementor-spacer-inner\"><\/div>\n\t\t<\/div>\n\t\t\t\t\t\t<\/div>\n\t\t\t\t<\/div>\n\t\t\t\t<div class=\"elementor-element elementor-element-4f1c6dc sc_fly_static elementor-widget elementor-widget-trx_sc_title\" data-id=\"4f1c6dc\" data-element_type=\"widget\" data-widget_type=\"trx_sc_title.default\">\n\t\t\t\t<div class=\"elementor-widget-container\">\n\t\t\t\t\t<div\t\tclass=\"sc_title sc_title_default\" ><h1 class=\"sc_item_title sc_title_title sc_align_left sc_item_title_style_default sc_item_title_tag trx_addons_inline_2145898876 sc_typed\"\n\t\t\t><span class=\"sc_item_title_text\">Vertretungsberechtigte Personen<\/span><\/h1><div class=\"sc_item_descr sc_title_descr sc_align_left sc_item_descr_with_custom_color trx_addons_inline_752172538\"><p>Ralf B\u00f6ttinger<br \/>\nFlavia Jung<br \/>\nChristoph Solis<\/p>\n<\/div><\/div>\t\t\t\t<\/div>\n\t\t\t\t<\/div>\n\t\t\t\t<div class=\"elementor-element elementor-element-d4079d8 sc_fly_static elementor-widget elementor-widget-spacer\" data-id=\"d4079d8\" data-element_type=\"widget\" data-widget_type=\"spacer.default\">\n\t\t\t\t<div class=\"elementor-widget-container\">\n\t\t\t\t\t\t\t<div class=\"elementor-spacer\">\n\t\t\t<div class=\"elementor-spacer-inner\"><\/div>\n\t\t<\/div>\n\t\t\t\t\t\t<\/div>\n\t\t\t\t<\/div>\n\t\t\t\t<div class=\"elementor-element elementor-element-3a35bba sc_fly_static elementor-widget elementor-widget-trx_sc_title\" data-id=\"3a35bba\" data-element_type=\"widget\" data-widget_type=\"trx_sc_title.default\">\n\t\t\t\t<div class=\"elementor-widget-container\">\n\t\t\t\t\t<div\t\tclass=\"sc_title sc_title_default\" ><h1 class=\"sc_item_title sc_title_title sc_align_left sc_item_title_style_default sc_item_title_tag trx_addons_inline_1582724894 sc_typed\"\n\t\t\t><span class=\"sc_item_title_text\">Name des Unternehmens: <span style=\"color: #ff491a\">Gastrosof GmbH<\/span><\/h1><\/div>\t\t\t\t<\/div>\n\t\t\t\t<\/div>\n\t\t\t\t<div class=\"elementor-element elementor-element-6c2993a sc_fly_static elementor-widget elementor-widget-spacer\" data-id=\"6c2993a\" data-element_type=\"widget\" data-widget_type=\"spacer.default\">\n\t\t\t\t<div class=\"elementor-widget-container\">\n\t\t\t\t\t\t\t<div class=\"elementor-spacer\">\n\t\t\t<div class=\"elementor-spacer-inner\"><\/div>\n\t\t<\/div>\n\t\t\t\t\t\t<\/div>\n\t\t\t\t<\/div>\n\t\t\t\t<div class=\"elementor-element elementor-element-5f976d3 sc_fly_static elementor-widget elementor-widget-trx_sc_title\" data-id=\"5f976d3\" data-element_type=\"widget\" data-widget_type=\"trx_sc_title.default\">\n\t\t\t\t<div class=\"elementor-widget-container\">\n\t\t\t\t\t<div\t\tclass=\"sc_title sc_title_default\" ><h1 class=\"sc_item_title sc_title_title sc_align_left sc_item_title_style_default sc_item_title_tag trx_addons_inline_528014570 sc_typed\"\n\t\t\t><span class=\"sc_item_title_text\">Haftungsausschluss<\/span><\/h1><div class=\"sc_item_descr sc_title_descr sc_align_left sc_item_descr_with_custom_color trx_addons_inline_1851537760\"><p>Der Autor \u00fcbernimmt keine Gew\u00e4hr f\u00fcr die Richtigkeit, Genauigkeit, Aktualit\u00e4t, Zuverl\u00e4ssigkeit und Vollst\u00e4ndigkeit der Informationen.<br \/>\nHaftungsanspr\u00fcche gegen den Autor wegen Sch\u00e4den materieller oder immaterieller Art, die aus dem Zugriff oder der Nutzung bzw. Nichtnutzung der ver\u00f6ffentlichten Informationen, durch Missbrauch der Verbindung oder durch technische St\u00f6rungen entstanden sind, werden ausgeschlossen.<\/p>\n<p>Alle Angebote sind freibleibend. Der Autor beh\u00e4lt es sich ausdr\u00fccklich vor, Teile der Seiten oder das gesamte Angebot ohne gesonderte Ank\u00fcndigung zu ver\u00e4ndern, zu erg\u00e4nzen, zu l\u00f6schen oder die Ver\u00f6ffentlichung zeitweise oder endg\u00fcltig einzustellen.<\/p>\n<\/div><\/div>\t\t\t\t<\/div>\n\t\t\t\t<\/div>\n\t\t\t\t<div class=\"elementor-element elementor-element-062e599 sc_fly_static elementor-widget elementor-widget-spacer\" data-id=\"062e599\" data-element_type=\"widget\" data-widget_type=\"spacer.default\">\n\t\t\t\t<div class=\"elementor-widget-container\">\n\t\t\t\t\t\t\t<div class=\"elementor-spacer\">\n\t\t\t<div class=\"elementor-spacer-inner\"><\/div>\n\t\t<\/div>\n\t\t\t\t\t\t<\/div>\n\t\t\t\t<\/div>\n\t\t\t\t<div class=\"elementor-element elementor-element-2f35927 sc_fly_static elementor-widget elementor-widget-trx_sc_title\" data-id=\"2f35927\" data-element_type=\"widget\" data-widget_type=\"trx_sc_title.default\">\n\t\t\t\t<div class=\"elementor-widget-container\">\n\t\t\t\t\t<div\t\tclass=\"sc_title sc_title_default\" ><h1 class=\"sc_item_title sc_title_title sc_align_left sc_item_title_style_default sc_item_title_tag trx_addons_inline_988940627 sc_typed\"\n\t\t\t><span class=\"sc_item_title_text\">Haftungsausschluss f\u00fcr Inhalte und Links<\/span><\/h1><div class=\"sc_item_descr sc_title_descr sc_align_left sc_item_descr_with_custom_color trx_addons_inline_273332323\"><p>Verweise und Links auf Webseiten Dritter liegen ausserhalb unseres Verantwortungsbereichs. Es wird jegliche Verantwortung f\u00fcr solche Webseiten abgelehnt. Der Zugriff und die Nutzung solcher Webseiten erfolgen auf eigene Gefahr des jeweiligen Nutzers.<\/p>\n<\/div><\/div>\t\t\t\t<\/div>\n\t\t\t\t<\/div>\n\t\t\t\t<div class=\"elementor-element elementor-element-2922315 sc_fly_static elementor-widget elementor-widget-spacer\" data-id=\"2922315\" data-element_type=\"widget\" data-widget_type=\"spacer.default\">\n\t\t\t\t<div class=\"elementor-widget-container\">\n\t\t\t\t\t\t\t<div class=\"elementor-spacer\">\n\t\t\t<div class=\"elementor-spacer-inner\"><\/div>\n\t\t<\/div>\n\t\t\t\t\t\t<\/div>\n\t\t\t\t<\/div>\n\t\t\t\t<div class=\"elementor-element elementor-element-28c72cf sc_fly_static elementor-widget elementor-widget-trx_sc_title\" data-id=\"28c72cf\" data-element_type=\"widget\" data-widget_type=\"trx_sc_title.default\">\n\t\t\t\t<div class=\"elementor-widget-container\">\n\t\t\t\t\t<div\t\tclass=\"sc_title sc_title_default\" ><h1 class=\"sc_item_title sc_title_title sc_align_left sc_item_title_style_default sc_item_title_tag trx_addons_inline_1026793270 sc_typed\"\n\t\t\t><span class=\"sc_item_title_text\">Urheberrechtserkl\u00e4rung<\/span><\/h1><div class=\"sc_item_descr sc_title_descr sc_align_left sc_item_descr_with_custom_color trx_addons_inline_1414504006\"><p>Die Urheber- und alle anderen Rechte an Inhalten, Bildern, Fotos oder anderen Dateien auf dieser Website, geh\u00f6ren ausschliesslich Gastrosof GmbH oder den speziell genannten Rechteinhabern. F\u00fcr die Reproduktion jeglicher Elemente ist die schriftliche Zustimmung des Urheberrechtstr\u00e4gers im Voraus einzuholen.<\/p>\n<\/div><\/div>\t\t\t\t<\/div>\n\t\t\t\t<\/div>\n\t\t\t\t\t<\/div>\n\t\t<\/div>\n\t\t\t\t\t<\/div>\n\t\t<\/section>\n\t\t\t\t<\/div>\n\t\t","protected":false},"excerpt":{"rendered":"<p>Impressum Verantwortliche Instanz: Gastrosof GmbH M\u00e4derenweg 15 Oberglatt 8154 Schweiz E-Mail: &#x63;&#111;n&#x74;&#97;c&#x74;&#x40;&#103;&#x61;&#x73;&#116;r&#x6f;&#115;o&#x66;&#x2e;&#99;&#x68; Vertretungsberechtigte Personen Ralf B\u00f6ttinger Flavia Jung Christoph Solis Name des Unternehmens: Gastrosof GmbH Haftungsausschluss Der Autor \u00fcbernimmt keine&hellip;<\/p>\n","protected":false},"author":2,"featured_media":0,"parent":0,"menu_order":0,"comment_status":"closed","ping_status":"closed","template":"","meta":{"content-type":"","footnotes":""},"class_list":["post-37351","page","type-page","status-publish","hentry"],"_links":{"self":[{"href":"https:\/\/sandbox.gastrosof.ch\/de\/wp-json\/wp\/v2\/pages\/37351","targetHints":{"allow":["GET"]}}],"collection":[{"href":"https:\/\/sandbox.gastrosof.ch\/de\/wp-json\/wp\/v2\/pages"}],"about":[{"href":"https:\/\/sandbox.gastrosof.ch\/de\/wp-json\/wp\/v2\/types\/page"}],"author":[{"embeddable":true,"href":"https:\/\/sandbox.gastrosof.ch\/de\/wp-json\/wp\/v2\/users\/2"}],"replies":[{"embeddable":true,"href":"https:\/\/sandbox.gastrosof.ch\/de\/wp-json\/wp\/v2\/comments?post=37351"}],"version-history":[{"count":32,"href":"https:\/\/sandbox.gastrosof.ch\/de\/wp-json\/wp\/v2\/pages\/37351\/revisions"}],"predecessor-version":[{"id":39811,"href":"https:\/\/sandbox.gastrosof.ch\/de\/wp-json\/wp\/v2\/pages\/37351\/revisions\/39811"}],"wp:attachment":[{"href":"https:\/\/sandbox.gastrosof.ch\/de\/wp-json\/wp\/v2\/media?parent=37351"}],"curies":[{"name":"wp","href":"https:\/\/api.w.org\/{rel}","templated":true}]}}